{"id":21,"date":"2017-06-12T10:23:14","date_gmt":"2017-06-12T08:23:14","guid":{"rendered":"http:\/\/wp12412033.server-he.de\/henkel\/?page_id=21"},"modified":"2017-07-21T14:10:02","modified_gmt":"2017-07-21T12:10:02","slug":"firmenchronik","status":"publish","type":"page","link":"https:\/\/autohaus-henkel.de\/index.php\/ueber-uns\/firmenchronik\/","title":{"rendered":"Firmenchronik"},"content":{"rendered":"<div id=\"pl-21\"  class=\"panel-layout\" ><div id=\"pg-21-0\"  class=\"panel-grid panel-has-style\" ><div class=\"panel-widget-style panel-row-style panel-row-style-for-21-0\" ><div id=\"pgc-21-0-0\"  class=\"panel-grid-cell\" ><div id=\"panel-21-0-0-0\" class=\"so-panel widget widget_sow-editor panel-first-child panel-last-child\" data-index=\"0\" ><div\n\t\t\t\n\t\t\tclass=\"so-widget-sow-editor so-widget-sow-editor-base\"\n\t\t\t\n\t\t>\n<div class=\"siteorigin-widget-tinymce textwidget\">\n\t<p><img loading=\"lazy\" decoding=\"async\" class=\"alignnone size-medium wp-image-572\" src=\"https:\/\/autohaus-henkel.de\/wp-content\/uploads\/2017\/06\/SKM_C30817072113540-300x212.jpg\" alt=\"\" width=\"300\" height=\"212\" srcset=\"https:\/\/autohaus-henkel.de\/wp-content\/uploads\/2017\/06\/SKM_C30817072113540-300x212.jpg 300w, https:\/\/autohaus-henkel.de\/wp-content\/uploads\/2017\/06\/SKM_C30817072113540.jpg 448w\" sizes=\"auto, (max-width: 300px) 100vw, 300px\" \/><img loading=\"lazy\" decoding=\"async\" class=\"size-medium wp-image-567\" src=\"https:\/\/autohaus-henkel.de\/wp-content\/uploads\/2017\/06\/Henkel-web-300x212.jpg\" alt=\"\" width=\"300\" height=\"212\" srcset=\"https:\/\/autohaus-henkel.de\/wp-content\/uploads\/2017\/06\/Henkel-web-300x212.jpg 300w, https:\/\/autohaus-henkel.de\/wp-content\/uploads\/2017\/06\/Henkel-web.jpg 448w\" sizes=\"auto, (max-width: 300px) 100vw, 300px\" \/><\/p>\n<h1>Firmenchronik<\/h1>\n<p>\u00a0<\/p>\n<p>Das war und ist unser Unternehmen<\/p>\n<ul>\n<li>1960 \u00a0Firmengr\u00fcndung durch Albert und Berta Henkel in einer kleinen Werkstatt im Haus in der Kirnbergstra\u00dfe 2 in 7811 Unterbr\u00e4nd<\/li>\n<li>1963\u00a0 Glas Automobile (Gogo Automobile)<\/li>\n<li>1967\u00a0 BMW-Vertragsh\u00e4ndler, die Werkstatt wird neu gebaut und erweitert<\/li>\n<li>1974\u00a0 Autoverwertung in L\u00f6ffingen wird er\u00f6ffnet<\/li>\n<li>1980\u00a0 Das Autohaus wird Renault-Vertragsh\u00e4ndler<\/li>\n<li>1983\u00a0 Werner Henkel erh\u00e4lt den Meisterbrief<\/li>\n<li>1970\u00a0 Das Linienverkehr- und Reisebusgesch\u00e4ft beginnt<\/li>\n<li>1988\u00a0 Wird eine Ausstellungshalle gebaut und eingeweiht, das Autohaus wird BMW-Direkth\u00e4ndler<\/li>\n<li>Ebenfalls wird die Albert Henkel GmbH gegr\u00fcndet, Gesch\u00e4ftsf\u00fchrer sind: Roswitha Wider, Brigitte Wider und Werner Henkel<\/li>\n<li>2002\u00a0 Michael Wider erh\u00e4lt am 25.01.2002 den Meisterbrief<\/li>\n<li>2002 \u00dcbergang zur Freien Werkstatt ohne Vertrag spezialisiert auf BMW Automobile<\/li>\n<li>Der Firmengr\u00fcnder Albert Henkel erh\u00e4lt den goldenen Meisterbrief<\/li>\n<li>2008 Im Februar brennt die Werkstatt aus, zwei Tage sp\u00e4ter beginnt bereits wieder der Betrieb<\/li>\n<li>2008\u00a0 Im November nehmen wir unsere neue Werkstatt in Betrieb<\/li>\n<\/ul>\n<\/div>\n<\/div><\/div><\/div><\/div><\/div><\/div>","protected":false},"excerpt":{"rendered":"<p>Firmenchronik\u00a0Das war und ist unser Unternehmen1960 \u00a0Firmengr\u00fcndung durch Albert und Berta Henkel in einer kleinen Werkstatt im Haus in der Kirnbergstra\u00dfe 2 in 7811 Unterbr\u00e4nd1963\u00a0 Glas Automobile (Gogo Automobile)1967\u00a0 BMW-Vertragsh\u00e4ndler, die Werkstatt wird neu gebaut und erweitert1974\u00a0 Autoverwertung in L\u00f6ffingen &hellip; <a class=\"kt-excerpt-readmore\" href=\"https:\/\/autohaus-henkel.de\/index.php\/ueber-uns\/firmenchronik\/\" aria-label=\"Firmenchronik\">Weiterlesen<\/a><\/p>\n","protected":false},"author":1,"featured_media":12,"parent":15,"menu_order":0,"comment_status":"closed","ping_status":"closed","template":"page-feature.php","meta":{"footnotes":""},"class_list":["post-21","page","type-page","status-publish","has-post-thumbnail","hentry"],"_links":{"self":[{"href":"https:\/\/autohaus-henkel.de\/index.php\/wp-json\/wp\/v2\/pages\/21","targetHints":{"allow":["GET"]}}],"collection":[{"href":"https:\/\/autohaus-henkel.de\/index.php\/wp-json\/wp\/v2\/pages"}],"about":[{"href":"https:\/\/autohaus-henkel.de\/index.php\/wp-json\/wp\/v2\/types\/page"}],"author":[{"embeddable":true,"href":"https:\/\/autohaus-henkel.de\/index.php\/wp-json\/wp\/v2\/users\/1"}],"replies":[{"embeddable":true,"href":"https:\/\/autohaus-henkel.de\/index.php\/wp-json\/wp\/v2\/comments?post=21"}],"version-history":[{"count":0,"href":"https:\/\/autohaus-henkel.de\/index.php\/wp-json\/wp\/v2\/pages\/21\/revisions"}],"up":[{"embeddable":true,"href":"https:\/\/autohaus-henkel.de\/index.php\/wp-json\/wp\/v2\/pages\/15"}],"wp:featuredmedia":[{"embeddable":true,"href":"https:\/\/autohaus-henkel.de\/index.php\/wp-json\/wp\/v2\/media\/12"}],"wp:attachment":[{"href":"https:\/\/autohaus-henkel.de\/index.php\/wp-json\/wp\/v2\/media?parent=21"}],"curies":[{"name":"wp","href":"https:\/\/api.w.org\/{rel}","templated":true}]}}